{"id":139,"date":"2017-11-06T11:47:52","date_gmt":"2017-11-06T10:47:52","guid":{"rendered":"https:\/\/vincentthiebaut.fr\/Depute-Bas-Rhin-9eme\/?page_id=139"},"modified":"2017-11-08T12:31:53","modified_gmt":"2017-11-08T11:31:53","slug":"mentions-legales","status":"publish","type":"page","link":"https:\/\/vincentthiebaut.fr\/Depute-Bas-Rhin-9eme\/mentions-legales\/","title":{"rendered":"Mentions L\u00e9gales"},"content":{"rendered":"<div class=\"fusion-fullwidth fullwidth-box fusion-builder-row-1 nonhundred-percent-fullwidth non-hundred-percent-height-scrolling\" style=\"background-color: rgba(255,255,255,0);background-position: center center;background-repeat: no-repeat;padding-top:0px;padding-right:0px;padding-bottom:0px;padding-left:0px;margin-bottom: 0px;margin-top: 0px;border-width: 0px 0px 0px 0px;border-color:#eae9e9;border-style:solid;\" ><div class=\"fusion-builder-row fusion-row\"><div class=\"fusion-layout-column fusion_builder_column fusion-builder-column-0 fusion_builder_column_1_1 1_1 fusion-one-full fusion-column-first fusion-column-last\" style=\"margin-top:0px;margin-bottom:0px;\"><div class=\"fusion-column-wrapper fusion-flex-column-wrapper-legacy\" style=\"background-position:left top;background-repeat:no-repeat;-webkit-background-size:cover;-moz-background-size:cover;-o-background-size:cover;background-size:cover;padding: 0px 0px 0px 0px;\"><div class=\"fusion-text fusion-text-1\"><p style=\"text-align: justify;\">L\u2019utilisateur d\u00e9clare avoir pris connaissance des informations ci-dessus avant la visite du site. En choisissant d\u2019acc\u00e9der au site l\u2019utilisateur accepte, express\u00e9ment et irr\u00e9vocablement, les termes ci-apr\u00e8s.<\/p>\n<p style=\"text-align: justify;\"><strong>Adresse compl\u00e8te :<\/strong><br \/>\nAssembl\u00e9e Nationale- 126 rue de l\u2019Universit\u00e9 \u2013 75355 Paris<\/p>\n<p style=\"text-align: justify;\">\u00c9dition \/ Publication du site : Vincent THI\u00c9BAUT<br \/>\nResponsable de la publication\u00a0: Vincent THI\u00c9BAUT<\/p>\n<p style=\"text-align: justify;\">H\u00e9bergement\u00a0: Soci\u00e9t\u00e9 OVH<\/p>\n<p style=\"text-align: justify;\"><strong>1 \u2013 Contenu du Site<\/strong><br \/>\nLe site Internet www.vincentthiebaut.fr est h\u00e9berg\u00e9 par la soci\u00e9t\u00e9 OVH et est la propri\u00e9t\u00e9 exclusive de Vincent THI\u00c9BAUT. Le site a \u00e9t\u00e9 con\u00e7u et r\u00e9alis\u00e9 par Mariusz MARCIN. La consultation du site est subordonn\u00e9e \u00e0 l\u2019acceptation int\u00e9grale et au respect par les internautes, des conditions d\u2019utilisation suivantes. L\u2019internaute s\u2019engage d\u2019ores et d\u00e9j\u00e0 \u00e0 faire des informations contenues sur le site un usage personnel et non commercial. En cas de non-respect des dispositions de la pr\u00e9sente charte, par l\u2019internaute, sa responsabilit\u00e9 civile et\/ou p\u00e9nale pourrai(en)t se voir engag\u00e9e(s).<\/p>\n<p style=\"text-align: justify;\"><strong>2 \u2013 Propri\u00e9t\u00e9 Intellectuelle<\/strong><br \/>\nLe site constitue une \u0153uvre dont Vincent THI\u00c9BAUT est l\u2019auteur au sens des articles L111.1 et suivants du code de propri\u00e9t\u00e9 intellectuelle.<br \/>\nDe mani\u00e8re g\u00e9n\u00e9rale, les donn\u00e9es, les programmes, les textes, les informations, les logos, les identit\u00e9s visuelles, les images anim\u00e9es ou non, les illustrations, pictogrammes et leurs mises en forme apparaissant sur le site sont la propri\u00e9t\u00e9 de\u00a0Vincent THI\u00c9BAUT et sont prot\u00e9g\u00e9es \u00e0 ce titre par les dispositions du code de la propri\u00e9t\u00e9 intellectuelle.<\/p>\n<p style=\"text-align: justify;\">Tout internaute s\u2019engage \u00e0 ne pas les utiliser et \u00e0 ne permettre \u00e0 quiconque d\u2019utiliser ces contenus \u00e0 des fins ill\u00e9gales.<\/p>\n<p style=\"text-align: justify;\">Toute repr\u00e9sentation ou reproduction, totale ou partielle, permanente ou temporaire, sur un support informatique et\/ou papier, et par quelque proc\u00e9d\u00e9 que ce soit de l\u2019un ou l\u2019autre des \u00e9l\u00e9ments du Site ou des services propos\u00e9s \u00e0 la vente, sans l\u2019accord pr\u00e9alable et expr\u00e8s de Vincent THI\u00c9BAUT est interdite, et constitue un acte de contrefa\u00e7on, qui pourra entra\u00eener des condamnations civiles et\/ou p\u00e9nales. Seule l\u2019impression papier est autoris\u00e9e aux fins de copie priv\u00e9e \u00e0 l\u2019usage exclusif du copiste au sens de l\u2019article L122-5 2 du code de propri\u00e9t\u00e9 intellectuelle.<br \/>\nAucun lien hypertexte vers le Site ne peut \u00eatre install\u00e9 sans l\u2019accord pr\u00e9alable et expr\u00e8s de Vincent THI\u00c9BAUT.<\/p>\n<p style=\"text-align: justify;\"><strong>3 \u2013 Protection des donn\u00e9es personnelles<\/strong><br \/>\nL\u2019internaute peut \u00eatre amen\u00e9 \u00e0 d\u00e9poser certaines donn\u00e9es personnelles en r\u00e9pondant aux formulaires qui lui sont propos\u00e9s. La saisie de ces donn\u00e9es est n\u00e9cessaire au traitement de la demande de l\u2019internaute, par Vincent THI\u00c9BAUT.<\/p>\n<p style=\"text-align: justify;\">Vincent THI\u00c9BAUT s\u2019engage \u00e0 respecter les dispositions de la loi n\u00b078-17 du 6 janvier 1978 relative \u00e0 l\u2019informatique, aux fichiers et aux libert\u00e9s modifi\u00e9e et prendre toute pr\u00e9caution n\u00e9cessaire pour pr\u00e9server la s\u00e9curit\u00e9 des informations nominatives confi\u00e9es. Aucune information \u00e0 caract\u00e8re personnel ne sera communiqu\u00e9e \u00e0 des soci\u00e9t\u00e9s tierces sans l\u2019accord pr\u00e9alable et \u00e9clair\u00e9 de l\u2019internaute.<\/p>\n<p style=\"text-align: justify;\"><strong>4 \u2013 Information relative aux cookies de navigation<\/strong><br \/>\nNous sommes susceptibles d\u2019implanter un cookie dans votre ordinateur. Un cookie ne nous permet pas de vous identifier; en revanche, il enregistre des informations relatives \u00e0 la navigation de votre ordinateur sur notre site (les pages que vous avez consult\u00e9es, la date et l\u2019heure de la consultation, etc.) que nous pourrons lire lors de vos visites ult\u00e9rieures. La dur\u00e9e de conservation de ces informations dans votre ordinateur est de 1 an.<\/p>\n<p style=\"text-align: justify;\">Nous vous informons que vous pouvez vous opposer \u00e0 l\u2019enregistrement de cookies en configurant votre navigateur de la mani\u00e8re suivante :<\/p>\n<p style=\"text-align: justify;\">Pour Microsoft Internet Explorer \u2013 Versions 7 et 8 :<br \/>\nChoisissez le menu \u00ab\u00a0Outils\u00a0\u00bb, puis \u00ab\u00a0Options Internet\u00a0\u00bb.<br \/>\nCliquez sur l\u2019onglet \u00ab\u00a0Confidentialit\u00e9\u00a0\u00bb.<br \/>\nS\u00e9lectionnez le niveau souhait\u00e9 \u00e0 l\u2019aide du curseur.<\/p>\n<p style=\"text-align: justify;\">Pour Firefox :<br \/>\nCliquer sur Outils &gt; Options (Windows) ou bien Pr\u00e9f\u00e9rences (Mac)<br \/>\nS\u00e9lectionner l\u2019onglet Vie priv\u00e9e<br \/>\nCocher Accepter les cookies<\/p>\n<p style=\"text-align: justify;\">Les fonctionnalit\u00e9s de Google Analytics pour les annonceurs display peuvent \u00eatre activ\u00e9es pour sur ce site (Remarketing). Google utilise des cookies pour diffuser nos annonces sur les sites de son r\u00e9seau Display.<br \/>\nGr\u00e2ce au cookie DoubleClick, Google adapte les annonces diffus\u00e9es aux utilisateurs en fonction de leur navigation sur notre site.<br \/>\nVous pouvez d\u00e9sactiver l\u2019utilisation de cette fonctionnalit\u00e9 en vous rendant sur le gestionnaire de pr\u00e9f\u00e9rences pour les annonces (<a href=\"https:\/\/www.google.com\/settings\/u\/0\/ads\">https:\/\/www.google.com\/settings\/u\/0\/ads<\/a>)<\/p>\n<p style=\"text-align: justify;\"><strong>5 \u2013 Responsabilit\u00e9<\/strong><br \/>\nVincent THI\u00c9BAUT d\u00e9cline toute responsabilit\u00e9 quant aux \u00e9ventuels dysfonctionnements pouvant survenir sur le site et entra\u00eener une perte de donn\u00e9es ou une indisponibilit\u00e9 de l\u2019acc\u00e8s aux informations produites sur celui-ci.\u00a0Les \u00e9l\u00e9ments pr\u00e9sent\u00e9s sur le site sont susceptibles de modification sans pr\u00e9avis et sont mis \u00e0 la disposition des internautes, sans aucune garantie d\u2019aucune sorte, expresse ou tacite.<\/p>\n<p style=\"text-align: justify;\">La pr\u00e9sence de liens hypertextes pr\u00e9sents sur le Site \u2013 quelle que soit l\u2019existence pr\u00e9alable ou non de l\u2019accord de Vincent THI\u00c9BAUT \u2013 ne cr\u00e9e pas une solidarit\u00e9 de responsabilit\u00e9 entre celle-ci et les propri\u00e9taires des autres sites, quant au contenu des sites sur lesquels est redirig\u00e9 l\u2019internaute.<\/p>\n<p style=\"text-align: justify;\">Vincent THI\u00c9BAUT ne peut garantir l\u2019exhaustivit\u00e9 et la v\u00e9racit\u00e9 des informations pr\u00e9sentes sur le site. De la m\u00eame mani\u00e8re, il ne peut garantir l\u2019absence de modification par un tiers (intrusion, virus).\u00a0En outre, l\u2019internaute est seul responsable de l\u2019utilisation qu\u2019il fait du contenu du site. Sauf faute grave exclusive de Vincent THI\u00c9BAUT, sa responsabilit\u00e9 ne peut \u00eatre engag\u00e9e pour des dommages directs et indirects li\u00e9s \u00e0 l\u2019utilisation des informations produites sur le site.<\/p>\n<p style=\"text-align: justify;\"><strong>6 \u2013 Loi applicable et Comp\u00e9tence judiciaire<\/strong><br \/>\nL\u2019ensemble des informations diffus\u00e9 sur le site et l\u2019utilisation qui en est faite sont soumis exclusivement au droit fran\u00e7ais. Seuls les tribunaux relevant du ressort de la cour d\u2019appel de Haguenau sont comp\u00e9tents pour conna\u00eetre des \u00e9ventuels litiges li\u00e9s \u00e0 l\u2019utilisation du site.<\/p>\n<\/div><div class=\"fusion-clearfix\"><\/div><\/div><\/div><\/div><\/div>\n","protected":false},"excerpt":{"rendered":"","protected":false},"author":1,"featured_media":0,"parent":0,"menu_order":0,"comment_status":"closed","ping_status":"closed","template":"","meta":[],"_links":{"self":[{"href":"https:\/\/vincentthiebaut.fr\/Depute-Bas-Rhin-9eme\/wp-json\/wp\/v2\/pages\/139"}],"collection":[{"href":"https:\/\/vincentthiebaut.fr\/Depute-Bas-Rhin-9eme\/wp-json\/wp\/v2\/pages"}],"about":[{"href":"https:\/\/vincentthiebaut.fr\/Depute-Bas-Rhin-9eme\/wp-json\/wp\/v2\/types\/page"}],"author":[{"embeddable":true,"href":"https:\/\/vincentthiebaut.fr\/Depute-Bas-Rhin-9eme\/wp-json\/wp\/v2\/users\/1"}],"replies":[{"embeddable":true,"href":"https:\/\/vincentthiebaut.fr\/Depute-Bas-Rhin-9eme\/wp-json\/wp\/v2\/comments?post=139"}],"version-history":[{"count":3,"href":"https:\/\/vincentthiebaut.fr\/Depute-Bas-Rhin-9eme\/wp-json\/wp\/v2\/pages\/139\/revisions"}],"predecessor-version":[{"id":160,"href":"https:\/\/vincentthiebaut.fr\/Depute-Bas-Rhin-9eme\/wp-json\/wp\/v2\/pages\/139\/revisions\/160"}],"wp:attachment":[{"href":"https:\/\/vincentthiebaut.fr\/Depute-Bas-Rhin-9eme\/wp-json\/wp\/v2\/media?parent=139"}],"curies":[{"name":"wp","href":"https:\/\/api.w.org\/{rel}","templated":true}]}}