{"id":58,"date":"2017-10-20T15:24:08","date_gmt":"2017-10-20T13:24:08","guid":{"rendered":"http:\/\/vincentthiebaut.fr\/Depute-Bas-Rhin-9eme\/?page_id=58"},"modified":"2021-03-29T11:27:23","modified_gmt":"2021-03-29T09:27:23","slug":"emmanuelle-parisse","status":"publish","type":"page","link":"https:\/\/vincentthiebaut.fr\/Depute-Bas-Rhin-9eme\/vincent-thiebaut-3\/biographie\/emmanuelle-parisse\/","title":{"rendered":"Emmanuelle PARISSE"},"content":{"rendered":"<div class=\"fusion-fullwidth fullwidth-box fusion-builder-row-1 nonhundred-percent-fullwidth non-hundred-percent-height-scrolling\" style=\"background-color: rgba(255,255,255,0);background-position: center center;background-repeat: no-repeat;padding-top:0px;padding-right:0px;padding-bottom:0px;padding-left:0px;margin-bottom: 0px;margin-top: 0px;border-width: 0px 0px 0px 0px;border-color:#eae9e9;border-style:solid;\" ><div class=\"fusion-builder-row fusion-row\"><div class=\"fusion-layout-column fusion_builder_column fusion-builder-column-0 fusion_builder_column_1_1 1_1 fusion-one-full fusion-column-first fusion-column-last\" style=\"margin-top:0px;margin-bottom:20px;\"><div class=\"fusion-column-wrapper fusion-flex-column-wrapper-legacy\" style=\"background-position:left top;background-repeat:no-repeat;-webkit-background-size:cover;-moz-background-size:cover;-o-background-size:cover;background-size:cover;padding: 0px 0px 0px 0px;\"><div class=\"fusion-text fusion-text-1\"><h1>Emmanuelle PARISSE<\/h1>\n<h1><img class=\"wp-image-6046 size-full alignright\" src=\"https:\/\/vincentthiebaut.fr\/Depute-Bas-Rhin-9eme\/wp-content\/uploads\/2021\/03\/Emmanuelle-Parisse.png\" alt=\"\" width=\"358\" height=\"430\" srcset=\"https:\/\/vincentthiebaut.fr\/Depute-Bas-Rhin-9eme\/wp-content\/uploads\/2021\/03\/Emmanuelle-Parisse-200x240.png 200w, https:\/\/vincentthiebaut.fr\/Depute-Bas-Rhin-9eme\/wp-content\/uploads\/2021\/03\/Emmanuelle-Parisse-250x300.png 250w, https:\/\/vincentthiebaut.fr\/Depute-Bas-Rhin-9eme\/wp-content\/uploads\/2021\/03\/Emmanuelle-Parisse.png 358w\" sizes=\"(max-width: 358px) 100vw, 358px\" \/><\/h1>\n<h2>D\u00e9put\u00e9e suppl\u00e9ante<\/h2>\n<p style=\"text-align: justify;\"><em>J\u2019ai 39 ans, mari\u00e9e, une fille \u00e2g\u00e9e de 6 ans, je suis originaire de Wissembourg. Mon nom de jeune fille est WESTERMEYER. J\u2019ai \u00e9t\u00e9 scolaris\u00e9e jusqu\u2019en terminale dans ma ville natale, au coll\u00e8ge Otfried et au lyc\u00e9e Stanislas. Apr\u00e8s avoir habit\u00e9e \u00e0 STRASBOURG et \u00e0 LA WANTZENAU, je r\u00e9side depuis 2010 \u00e0 GRIES.<\/em><\/p>\n<h3>\u00c9TUDES<\/h3>\n<p style=\"text-align: justify;\">Titulaire d\u2019un master 2 en droit des affaires et d\u2019un Magist\u00e8re de justice d\u2019affaire franco-allemand \u00e0 l\u2019universit\u00e9 de Strasbourg, j\u2019ai poursuivi mes \u00e9tudes sup\u00e9rieures \u00e0 l\u2019Universit\u00e9 de Strasbourg. Pendant cette p\u00e9riode, j\u2019ai eu l\u2019occasion de faire des stages en Allemagne au sein d\u2019un organisme de retraite et dans un cabinet d\u2019avocat.<\/p>\n<blockquote>\n<h3>EMPLOI<\/h3>\n<p style=\"text-align: justify;\">J\u2019ai eu plusieurs exp\u00e9riences professionnelles vari\u00e9es et enrichissantes dans le secteur priv\u00e9. J\u2019ai tout d\u2019abord commenc\u00e9 \u00e0 travailler dans un cabinet d\u2019avocats \u00e0 Kehl. Depuis 15 ans, j\u2019exerce mon activit\u00e9 dans le service juridique de cabinets d\u2019expertise comptable. Depuis 13 ans chez FIBA, \u00e0 SCHILTIGHEIM, j\u2019y dirige aujourd\u2019hui le service juridique, ma sp\u00e9cialit\u00e9 \u00e9tant le droit du travail.<\/p>\n<\/blockquote>\n<\/div><style type=\"text\/css\">.fusion-accordian  #accordion-58-1 .panel-title a .fa-fusion-box{ color: #ffffff;}.fusion-accordian  #accordion-58-1 .panel-title a .fa-fusion-box:before{ font-size: 17px; width: 17px;}.fusion-accordian  #accordion-58-1 .panel-title a{font-size:17px;}.fusion-accordian  #accordion-58-1 .fa-fusion-box { background-color: #ce9f04;border-color: #ce9f04;}.fusion-accordian  #accordion-58-1 .panel-title a:hover, #accordion-58-1 .fusion-toggle-boxed-mode:hover .panel-title a { color: #02baf7;}.fusion-accordian  #accordion-58-1 .panel-title .active .fa-fusion-box,.fusion-accordian  #accordion-58-1 .panel-title a:hover .fa-fusion-box { background-color: #02baf7!important;border-color: #02baf7!important;}<\/style><div class=\"accordian fusion-accordian\"><div class=\"panel-group\" id=\"accordion-58-1\"><div class=\"fusion-panel panel-default\"><div class=\"panel-heading\"><h4 class=\"panel-title toggle\"><a aria-expanded=\"false\" aria-controls=\"0887895dbaea46034\" role=\"button\" data-toggle=\"collapse\" data-target=\"#0887895dbaea46034\" href=\"#0887895dbaea46034\"><span class=\"fusion-toggle-icon-wrapper\" aria-hidden=\"true\"><i class=\"fa-fusion-box\" aria-hidden=\"true\"><\/i><\/span><span class=\"fusion-toggle-heading\">MON ENGAGEMENT POLITIQUE<\/span><\/a><\/h4><\/div><div id=\"0887895dbaea46034\" class=\"panel-collapse collapse \"><div class=\"panel-body toggle-content fusion-clearfix\">\n<h3 class=\"fusion-responsive-typography-calculated\" data-fontsize=\"18\" data-lineheight=\"19px\">MON ENGAGEMENT POLITIQUE<\/h3>\n<p>Je suis \u00e9galement engag\u00e9e au service de mes concitoyens de ma commune en qualit\u00e9 d\u2019\u00e9lue \u2013 conseill\u00e8re municipale \u2013 au Conseil municipal de GRIES depuis 2014. J\u2019y fais partie des commissions relatives aux Finances, aux questions Scolaires et P\u00e9riscolaires et \u00e0 la Communication.<\/p>\n<p>Outre mon engagement au sein de cette association et en tant qu\u2019\u00e9lue municipale, j\u2019aime passer du temps avec mes amis et ma famille, faire la cuisine, lire, ce qui me permet de me ressourcer.<\/p>\n<p>Je suis fi\u00e8re d\u2019avoir rejoint le mouvement <em>La R\u00e9publique En Marche<\/em> et aujourd\u2019hui, d\u2019avoir \u00e9t\u00e9 choisie pour \u00eatre la suppl\u00e9ante de Vincent Thi\u00e9baut. J\u2019ai cette forte volont\u00e9 de m\u2019investir avec conviction et \u00e9nergie pour mener \u00e0 bien ce projet ambitieux et n\u00e9cessaire pour notre pays et pour notre R\u00e9gion.<\/p>\n<p>Je suis une europ\u00e9enne convaincue. Il faut redonner une densit\u00e9 au projet europ\u00e9en. Le programme de <em>La R\u00e9publique en Marche<\/em> que je porte est le seul qui saura redonner confiance. Par exemple, cela permettra de rassurer les chefs d\u2019entreprise allemands afin de cr\u00e9er des emplois en France, et tout particuli\u00e8rement en Alsace. Je c\u00f4toie quotidiennement des dirigeants d\u2019entreprises de toutes tailles, fran\u00e7aises et allemandes, ce qui me permet d\u2019avoir une parfaite connaissance de leurs besoins et de leurs probl\u00e9matiques. Je participe r\u00e9guli\u00e8rement \u00e0 l\u2019implantation d\u2019entreprises allemandes en France.<\/p>\n<p>Le projet de <em>La R\u00e9publique en Marche<\/em> relatif au d\u00e9veloppement de l\u2019apprentissage et de la formation professionnelle est pour moi essentiel. Son d\u00e9veloppement transfrontalier me tient \u00e0 c\u0153ur car tout particuli\u00e8rement pour nous, alsaciens et en raison de la proximit\u00e9 avec la fronti\u00e8re allemande, les besoins outre-rhin en termes de main d\u2019\u0153uvre de formation technique \u2013 telle que la m\u00e9tallurgie, la vente \u2013 ne demandent qu\u2019\u00e0 \u00eatre combl\u00e9s.<\/p>\n<p>Je milite pour une politique forte d\u2019apprentissage de l\u2019allemand et du d\u00e9veloppement de l\u2019apprentissage transfrontalier. Avec <em>La R\u00e9publique en Marche, <\/em>ce projet aura n\u00e9cessairement un Jimpact fort \u00e0 court terme sur le ch\u00f4mage de nos jeunes.<\/p>\n<p>Je prendrai tout particuli\u00e8rement la d\u00e9fense de nos sp\u00e9cifi\u00e9s locales, qu\u2019elles soient linguistiques, culturelles ou juridiques.<\/p>\n<p>Convaincue par la pratique de l\u2019esprit de r\u00e9elle bienveillance et par la pratique de la r\u00e9flexion collaborative, les solutions que nous avons coconstruites sont de r\u00e9els atouts pour la France dans ce monde en tr\u00e8s fort mouvement.<\/p>\n<h3 class=\"fusion-responsive-typography-calculated\" data-fontsize=\"18\" data-lineheight=\"19px\">BILINGUISME<\/h3>\n<p>Je milite activement pour le bilinguisme au sein de l\u2019association ELTERN ALSACE dont je suis membre du Bureau. Ainsi, nous avons ainsi bilingue pu obtenir l\u2019ouverture d\u2019un cursus \u00e0 GRIES. En participant activement aux Assises de la Langue et de la Culture R\u00e9gionale, j\u2019ai fait de cette probl\u00e9matique li\u00e9e au bilinguisme et aux rapports transfrontaliers une priorit\u00e9 de mes r\u00e9flexions et de mes actions.<\/p>\n<\/div><\/div><\/div><\/div><\/div><div class=\"fusion-clearfix\"><\/div><\/div><\/div><\/div><\/div>\n","protected":false},"excerpt":{"rendered":"","protected":false},"author":1,"featured_media":0,"parent":8,"menu_order":0,"comment_status":"closed","ping_status":"closed","template":"","meta":[],"_links":{"self":[{"href":"https:\/\/vincentthiebaut.fr\/Depute-Bas-Rhin-9eme\/wp-json\/wp\/v2\/pages\/58"}],"collection":[{"href":"https:\/\/vincentthiebaut.fr\/Depute-Bas-Rhin-9eme\/wp-json\/wp\/v2\/pages"}],"about":[{"href":"https:\/\/vincentthiebaut.fr\/Depute-Bas-Rhin-9eme\/wp-json\/wp\/v2\/types\/page"}],"author":[{"embeddable":true,"href":"https:\/\/vincentthiebaut.fr\/Depute-Bas-Rhin-9eme\/wp-json\/wp\/v2\/users\/1"}],"replies":[{"embeddable":true,"href":"https:\/\/vincentthiebaut.fr\/Depute-Bas-Rhin-9eme\/wp-json\/wp\/v2\/comments?post=58"}],"version-history":[{"count":14,"href":"https:\/\/vincentthiebaut.fr\/Depute-Bas-Rhin-9eme\/wp-json\/wp\/v2\/pages\/58\/revisions"}],"predecessor-version":[{"id":6053,"href":"https:\/\/vincentthiebaut.fr\/Depute-Bas-Rhin-9eme\/wp-json\/wp\/v2\/pages\/58\/revisions\/6053"}],"up":[{"embeddable":true,"href":"https:\/\/vincentthiebaut.fr\/Depute-Bas-Rhin-9eme\/wp-json\/wp\/v2\/pages\/8"}],"wp:attachment":[{"href":"https:\/\/vincentthiebaut.fr\/Depute-Bas-Rhin-9eme\/wp-json\/wp\/v2\/media?parent=58"}],"curies":[{"name":"wp","href":"https:\/\/api.w.org\/{rel}","templated":true}]}}