{"id":6070,"date":"2021-03-29T19:05:03","date_gmt":"2021-03-29T17:05:03","guid":{"rendered":"https:\/\/vincentthiebaut.fr\/Depute-Bas-Rhin-9eme\/?page_id=6070"},"modified":"2021-04-09T07:10:14","modified_gmt":"2021-04-09T05:10:14","slug":"missions-extra-parlementaires","status":"publish","type":"page","link":"https:\/\/vincentthiebaut.fr\/Depute-Bas-Rhin-9eme\/vincent-thiebaut-3\/missions-extra-parlementaires\/","title":{"rendered":"Missions Extra Parlementaires"},"content":{"rendered":"<h1>MES MISSIONS EXTRA PARLEMENTAIRES<\/h1>\n<blockquote><p>Autant qu&rsquo;\u00e9lu engag\u00e9 et investi dans mon r\u00f4le de d\u00e9put\u00e9, je participe activement \u00e0 des fonctions extra parlementaires et de groupes de travail dont je vous invite \u00e0 en prendre connaissance ci-dessous.<\/p><\/blockquote>\n<h2>COMMISSION ASSEMBL\u00c9E NATIONALE<\/h2>\n<ul>\n<li><strong>Membre<\/strong> de la commission du d\u00e9veloppement durable et de l&rsquo;am\u00e9nagement du territoire<\/li>\n<\/ul>\n<h2>TEXTES DE LOI<\/h2>\n<ul>\n<li><strong>Responsable<\/strong> du texte de la loi ELAN sur le logement pour le porter au nom du Groupe LaRem de l\u2019Assembl\u00e9e Nationale au sein de la Commission du D\u00e9veloppement durable et de l\u2019Am\u00e9nagement du territoire (la commission DDAT a \u00e9t\u00e9 saisie au fond sur les articles 21 et 55 pour avis sur les articles 4, 5, 54).<\/li>\n<li><strong>Orateur<\/strong> pour la pr\u00e9sentation de l\u2019Observatoire climat-\u00e9nergie (f\u00e9vrier 2019)<\/li>\n<li><strong>Animateur<\/strong> du Groupe de Travail Adaptation et simplification administratives dans le cadre du plan de relance (juillet2020)<\/li>\n<li><strong>Responsable<\/strong> de texte pour la commission sp\u00e9ciale ASAP (Acc\u00e9l\u00e9ration et Simplification de l\u2019Action Publique)<\/li>\n<li><strong>Responsable<\/strong> de texte pour la loi ASAP (Acc\u00e9l\u00e9ration et Simplification de l\u2019Action Publique) pour le titre 2 et 3<\/li>\n<li><strong>Membre<\/strong> de la commission sp\u00e9ciale charg\u00e9e d&rsquo;examiner le projet de loi instituant un syst\u00e8me universel de retraite et le projet de loi organique relatif au syst\u00e8me universel de retraite<\/li>\n<li><strong>Responsable<\/strong> de texte avec la d\u00e9put\u00e9e Marie Lebec de la commission sp\u00e9ciale, charg\u00e9e de travailler en mars sur l\u2019examen du projet de loi Climat, avant son arriv\u00e9e devant l\u2019Assembl\u00e9e nationale au d\u00e9but du mois d\u2019avril 2021, pour trois semaines (pr\u00e9sidente Laurence Maillart-M\u00e9haignerie).<\/li>\n<\/ul>\n<h2>LES GROUPES DE TRAVAIL<\/h2>\n<p><em><u>Les GROUPES DE TRAVAIL sont des groupes internes aux commissions permanentes<\/u><\/em><\/p>\n<ul>\n<li>Groupe de Travail : <strong>Apprentissage<\/strong><\/li>\n<li>Groupe de Travail :\u00a0 <strong>Fonction Publique<\/strong><\/li>\n<li>Groupe de Travail : <strong>Fiscalit\u00e9 \u00c9cologique<\/strong>\/sous-groupe \u00e9nergie<\/li>\n<li>Animateur du Groupe de Travail : <strong>Adaptations et Simplifications R\u00e9glementaires<\/strong> (06\/2020)<\/li>\n<\/ul>\n<h2>MISSIONS D&rsquo;INFORMATION<\/h2>\n<p><em><u>Missions transversales sur des sujets concernant plusieurs commissions<\/u><\/em><\/p>\n<ul>\n<li><strong>Pr\u00e9sident<\/strong> de la Mission d&rsquo;Information commune sur le site de stockage souterrain de d\u00e9chets StocaMine<\/li>\n<li>Mission d&rsquo;Information de pr\u00e9paration d\u2019une nouvelle \u00e9tape de la d\u00e9centralisation en faveur du d\u00e9veloppement des territoires<\/li>\n<li>Mission d&rsquo;Information de ressource en eau<\/li>\n<li><strong>Vice-Pr\u00e9sident<\/strong> de la Mission d\u2019information sur l\u2019\u00e9valuation de la concr\u00e9tisation des lois (sep 2019)<\/li>\n<li><strong>Rapporteur<\/strong> de la Mission d\u2019information sur la fermeture de la centrale nucl\u00e9aire de Fessenheim<\/li>\n<li><strong>Membre<\/strong> de la Mission d&rsquo;information sur la r\u00e9novation thermique des b\u00e2timents<\/li>\n<\/ul>\n<h2>GROUPES D&rsquo;\u00c9TUDE<\/h2>\n<ul>\n<li><strong>Vice-Pr\u00e9sident <\/strong>: For\u00eat, bois, nouveaux usages et industrie du bois<\/li>\n<li><strong>Membre<\/strong> : Eco-construction<\/li>\n<li><strong>Secr\u00e9taire<\/strong> : Fili\u00e8re Brassicole<\/li>\n<li><strong>Secr\u00e9taire<\/strong> : Langues et cultures r\u00e9gionales<\/li>\n<li><strong>Membre<\/strong> : \u00c9conomie num\u00e9rique de la donn\u00e9e, de la connaissance et de l\u2019intelligence artificielle<\/li>\n<li><strong>Vice-Pr\u00e9sident<\/strong> : Internet et soci\u00e9t\u00e9 num\u00e9rique<\/li>\n<li><strong>Secr\u00e9taire<\/strong> : Cybers\u00e9curit\u00e9 et souverainet\u00e9 num\u00e9rique<\/li>\n<\/ul>\n<h2>MISSION PARLEMENTAIRE<\/h2>\n<ul>\n<li>Mission parlementaire sur Stocamine<\/li>\n<li><strong>Vice-Pr\u00e9sident<\/strong> de la commission d\u2019enqu\u00eate sur l\u2019impact \u00e9conomique, industriel et environnemental des \u00e9nergies renouvelables, sur la transparence des financements et sur l\u2019acceptabilit\u00e9 sociale des politiques de transition \u00e9nerg\u00e9tique, pr\u00e9sid\u00e9e par le d\u00e9put\u00e9 Julien Aubert (07\/03\/19)<\/li>\n<li><strong>Membre<\/strong> de la Commission d\u2019enqu\u00eate relative \u00e0 la mainmise sur la ressource en eau par les int\u00e9r\u00eats priv\u00e9s et ses cons\u00e9quences, n\u00b0 3745 , d\u00e9pos\u00e9(e) le lundi 18 janvier 2021<\/li>\n<\/ul>\n<h2>ORGANISMES EXTRA PARLEMENTAIRES<\/h2>\n<ul>\n<li><strong>Membre<\/strong> du Conseil sup\u00e9rieur de la for\u00eat et du bois (CFCB) : peut \u00eatre consult\u00e9 par le Ministre de l\u2019Agriculture sur les questions touchant \u00e0 la for\u00eat et au bois, et au sein duquel si\u00e8gent 2 d\u00e9put\u00e9s (avec Sophie METTE) et 2 s\u00e9nateurs (Alain BERTRAND et Anne-Catherine LOISIER)<\/li>\n<li><strong>Pr\u00e9sident<\/strong> du CEC \/ ZEV (Centre Europ\u00e9en de la Consommation)<\/li>\n<li>DETR (Dotation d\u2019\u00c9quipement des Territoires Ruraux) : partage avec Martine Wonner (2 x 2.5 ann\u00e9es) pour participer au choix des communes en termes d\u2019investissements dans le d\u00e9veloppement \u00e9conomique, social, environnemental et touristique ainsi que le maintien et le d\u00e9veloppement des services au public en milieu rural.<\/li>\n<li><strong>Membre de Droit<\/strong> PETR Alsace du Nord (membre pr\u00e9c\u00e9demment du SCoTAN (membre de droit) \u2013 sch\u00e9ma de coh\u00e9rence territoriale d\u2019Alsace du Nord et de l&rsquo;ADEAN<\/li>\n<li><strong>Membre<\/strong> de la commissions d\u00e9partementales de coop\u00e9ration intercommunale (CDCI) depuis le 15\/03\/19<\/li>\n<li><strong>Membre<\/strong> de l\u2019Assembl\u00e9e parlementaire franco-allemande ce matin (suppl\u00e9ant en sept 2019 puis membre le 22\/01\/21) Candidature en janvier 2021 pour devenir membre du Bureau mais pas accept\u00e9e<\/li>\n<li>Candidature pour \u00eatre membre du CCT (Comit\u00e9 de Coop\u00e9ration Transfrontalier) &#8211; 1\u00e8re r\u00e9union le 11\/02\/21<\/li>\n<li><strong>Membre<\/strong> du Comit\u00e9 local de coh\u00e9sion territoriale du Bas-Rhin (installation le 28\/01\/21)<\/li>\n<\/ul>\n<h2>GROUPES D&rsquo;AMITI\u00c9<\/h2>\n<ul>\n<li>France-Allemagne<\/li>\n<li>France-Andorre<\/li>\n<li>France-Bi\u00e9lorussie<\/li>\n<li><strong>Vice-Pr\u00e9sident<\/strong> France-Cameroun<\/li>\n<li>France-Iran<\/li>\n<li>France-Royaume-Uni<\/li>\n<\/ul>\n","protected":false},"excerpt":{"rendered":"<p>MES MISSIONS EXTRA PARLEMENTAIRES Autant qu&rsquo;\u00e9lu engag\u00e9 et investi dans mon r\u00f4le de d\u00e9put\u00e9, je participe activement \u00e0 des fonctions extra parlementaires et de groupes de travail dont je vous invite \u00e0 en prendre connaissance ci-dessous. [&hellip;]<\/p>\n","protected":false},"author":1,"featured_media":0,"parent":4958,"menu_order":0,"comment_status":"closed","ping_status":"closed","template":"","meta":[],"_links":{"self":[{"href":"https:\/\/vincentthiebaut.fr\/Depute-Bas-Rhin-9eme\/wp-json\/wp\/v2\/pages\/6070"}],"collection":[{"href":"https:\/\/vincentthiebaut.fr\/Depute-Bas-Rhin-9eme\/wp-json\/wp\/v2\/pages"}],"about":[{"href":"https:\/\/vincentthiebaut.fr\/Depute-Bas-Rhin-9eme\/wp-json\/wp\/v2\/types\/page"}],"author":[{"embeddable":true,"href":"https:\/\/vincentthiebaut.fr\/Depute-Bas-Rhin-9eme\/wp-json\/wp\/v2\/users\/1"}],"replies":[{"embeddable":true,"href":"https:\/\/vincentthiebaut.fr\/Depute-Bas-Rhin-9eme\/wp-json\/wp\/v2\/comments?post=6070"}],"version-history":[{"count":7,"href":"https:\/\/vincentthiebaut.fr\/Depute-Bas-Rhin-9eme\/wp-json\/wp\/v2\/pages\/6070\/revisions"}],"predecessor-version":[{"id":6139,"href":"https:\/\/vincentthiebaut.fr\/Depute-Bas-Rhin-9eme\/wp-json\/wp\/v2\/pages\/6070\/revisions\/6139"}],"up":[{"embeddable":true,"href":"https:\/\/vincentthiebaut.fr\/Depute-Bas-Rhin-9eme\/wp-json\/wp\/v2\/pages\/4958"}],"wp:attachment":[{"href":"https:\/\/vincentthiebaut.fr\/Depute-Bas-Rhin-9eme\/wp-json\/wp\/v2\/media?parent=6070"}],"curies":[{"name":"wp","href":"https:\/\/api.w.org\/{rel}","templated":true}]}}