{"id":8,"date":"2017-10-18T11:18:27","date_gmt":"2017-10-18T09:18:27","guid":{"rendered":"http:\/\/vincentthiebaut.fr\/Depute-Bas-Rhin-9eme\/?page_id=8"},"modified":"2021-05-01T10:26:31","modified_gmt":"2021-05-01T08:26:31","slug":"biographie","status":"publish","type":"page","link":"https:\/\/vincentthiebaut.fr\/Depute-Bas-Rhin-9eme\/vincent-thiebaut-3\/biographie\/","title":{"rendered":"Biographie"},"content":{"rendered":"<div class=\"fusion-fullwidth fullwidth-box fusion-builder-row-1 nonhundred-percent-fullwidth non-hundred-percent-height-scrolling\" style=\"background-color: rgba(255,255,255,0);background-position: center center;background-repeat: no-repeat;padding-top:0px;padding-right:0px;padding-bottom:0px;padding-left:0px;margin-bottom: 0px;margin-top: 0px;border-width: 0px 0px 0px 0px;border-color:#eae9e9;border-style:solid;\" ><div class=\"fusion-builder-row fusion-row\"><div class=\"fusion-layout-column fusion_builder_column fusion-builder-column-0 fusion_builder_column_1_1 1_1 fusion-one-full fusion-column-first fusion-column-last\" style=\"margin-top:0px;margin-bottom:20px;\"><div class=\"fusion-column-wrapper fusion-flex-column-wrapper-legacy\" style=\"background-position:left top;background-repeat:no-repeat;-webkit-background-size:cover;-moz-background-size:cover;-o-background-size:cover;background-size:cover;padding: 0px 0px 0px 0px;\"><div class=\"fusion-text fusion-text-1\"><h1 class=\"entry-title\">VINCENT THI\u00c9BAUT<\/h1>\n<h2 class=\"entry-title\">D\u00e9put\u00e9 de la 9\u00e8me Circonscription du Bas-Rhin<\/h2>\n<h1>UN RENOUVEAU DE L\u2019ACTION POLITIQUE<\/h1>\n<p style=\"text-align: justify;\"><em><img class=\"wp-image-6062 size-full alignleft\" src=\"https:\/\/vincentthiebaut.fr\/Depute-Bas-Rhin-9eme\/wp-content\/uploads\/2021\/03\/Photo-Vincent-Thiebaut-254x300-1.png\" alt=\"\" width=\"254\" height=\"300\" srcset=\"https:\/\/vincentthiebaut.fr\/Depute-Bas-Rhin-9eme\/wp-content\/uploads\/2021\/03\/Photo-Vincent-Thiebaut-254x300-1-200x236.png 200w, https:\/\/vincentthiebaut.fr\/Depute-Bas-Rhin-9eme\/wp-content\/uploads\/2021\/03\/Photo-Vincent-Thiebaut-254x300-1.png 254w\" sizes=\"(max-width: 254px) 100vw, 254px\" \/>En <strong>mai 2017<\/strong>, apr\u00e8s une tr\u00e8s longue campagne pr\u00e9sidentielle, les fran\u00e7aises et les fran\u00e7ais ont choisi de porter <strong>Emmanuel MACRON<\/strong> \u00e0 la responsabilit\u00e9 de<strong> Pr\u00e9sident de la R\u00e9publique<\/strong>. Ils lui ont \u00e9galement, dans la foul\u00e9e, donner une l\u00e9gitimit\u00e9 et une majorit\u00e9 l\u00e9gislative au sein de l\u2019Assembl\u00e9e Nationale en \u00e9lisant 350 d\u00e9put\u00e9s <strong>La R\u00e9publique en Marche \u2013 LREM<\/strong> et <strong>Modem.<\/strong><\/em><\/p>\n<p style=\"text-align: justify;\"><em>Les \u00e9lectrices et les \u00e9lecteurs de la 9<sup>\u00e8me<\/sup> circonscription du Bas-Rhin m\u2019ont accord\u00e9 leur confiance et m\u2019ont \u00e9lu d\u00e9put\u00e9.<\/em><\/p>\n<blockquote>\n<p style=\"text-align: justify;\"><strong><em>Je mesure la responsabilit\u00e9 qui d\u00e9coule de la confiance que m\u2019ont accord\u00e9 les \u00e9lectrices et les \u00e9lecteurs de la 9\u00e8me circonscription du Bas-Rhin. Je n\u2019aurai de cesse durant mon mandat d\u2019\u00eatre a\u0300 la hauteur de cette confiance. C\u2019est avec motivation et humilit\u00e9 que je porterai cette charge en \u00e9tant le repr\u00e9sentant de toutes et de tous.<\/em><\/strong><\/p>\n<\/blockquote>\n<p style=\"text-align: justify;\">Ce site sera un contact permanent entre les citoyens de cette 9<sup>\u00e8me<\/sup> circonscription et le d\u00e9put\u00e9 que je suis. Vous y partagerez l\u2019ensemble de mes activit\u00e9s au sein de l\u2019Assembl\u00e9e nationale, aussi bien dans l\u2019h\u00e9micycle qu\u2019en commission du D\u00e9veloppement durable et de l\u2019am\u00e9nagement du territoire, ainsi que mes actions dans la circonscription.<\/p>\n<\/div><div class=\"fusion-text fusion-text-2\"><h1>Vincent THI\u00c9BAUT \u2013 d\u00e9put\u00e9<\/h1>\n<p style=\"text-align: justify;\"><em>J\u2019ai 45 ans, s\u00e9par\u00e9, p\u00e8re de jumeaux, gar\u00e7on et fille. Je suis n\u00e9 \u00e0 Toulouse. Je suis arriv\u00e9 \u00e0 Bischwiller \u00e0 l\u2019\u00e2ge de 3 ans, suite \u00e0 la mutation de mon p\u00e8re, officier \u00e0 la retraite de l\u2019arm\u00e9e de l\u2019air. J\u2019ai \u00e9tudi\u00e9 \u00e0 Bischwiller en primaire, au coll\u00e8ge et au Lyc\u00e9e d\u2019enseignement professionnel. Ma m\u00e8re y a exerc\u00e9 en tant qu\u2019Infirmi\u00e8re. J\u2019ai habit\u00e9 Brumath et j\u2019habite actuellement \u00e0 Haguenau.<\/em><\/p>\n<h3>\u00c9TUDES<\/h3>\n<p style=\"text-align: justify;\">J\u2019ai effectu\u00e9 ma scolarit\u00e9 \u00e0 Bischwiller, au Lyc\u00e9e d\u2019enseignement technique Heinrich Nessel de Haguenau, et au lyc\u00e9e Louis Couffignal de Strasbourg o\u00f9 j\u2019ai obtenu un Bac Scientifique et Technique S\u00e9rie E. Apr\u00e8s une formation en alternance de technicien sup\u00e9rieur de la fonction Technico- Commercial au sein du CESI et de la soci\u00e9t\u00e9 Hager Electro SA, j\u2019ai \u00e9t\u00e9 employ\u00e9, par la soci\u00e9t\u00e9 Hager Tehalit System. J\u2019ai suivi pendant cette p\u00e9riode, en cours du soir, les cours de l\u2019Institut Sup\u00e9rieur des Cadres de la Vente (ICSV) du CNAM \u00e0 Illkirch-Graffenstaden de 1999 \u00e0 2001.<\/p>\n<blockquote>\n<h3>EMPLOI<\/h3>\n<p style=\"text-align: justify;\">Depuis 2001, j\u2019ai occup\u00e9 diff\u00e9rents postes d\u2019ing\u00e9nieurs commerciaux dans l\u2019informatique. Cela m\u2019a permis d\u2019\u00e9toffer mon r\u00e9seau de connaissances aupr\u00e8s de nombreuses TPE\/PME et de grands comptes r\u00e9gionaux. Depuis 2011, j\u2019exerce la fonction de Cadre et Manager Commercial au sein de la soci\u00e9t\u00e9 Quadra informatique, ESN nationale, pour le d\u00e9veloppement des activit\u00e9s autour des nouvelles technologies.<\/p>\n<\/blockquote>\n<h3>LOISIRS<\/h3>\n<p style=\"text-align: justify;\">J\u2019ai pratiqu\u00e9 le sport dans diff\u00e9rents clubs sportifs. Je suis actuellement membre du Tennis Club de Bischwiller. J\u2019ai pratiqu\u00e9 l\u2019art dramatique au sein d\u2019une troupe de th\u00e9\u00e2tre pour adulte \u00e0 Zuttendorf. Je milite comme volontaire depuis 2011 pour l\u2019Unicef. J\u2019y participe \u00e0 diff\u00e9rentes actions, par exemple le march\u00e9 de No\u00ebl de Haguenau.<\/p>\n<h3>MON ENGAGEMENT POLITIQUE<\/h3>\n<blockquote>\n<p><strong><em>Citoyen et \u00e9lecteur consciencieux, je n\u2019ai, toutefois, fait partie d\u2019aucun parti politique auparavant.<\/em><\/strong><\/p>\n<\/blockquote>\n<p style=\"text-align: justify;\">Notre soci\u00e9t\u00e9 actuelle connait de profonds changements. La France \u2013 nos syst\u00e8mes institutionnels et politiques nationaux et locaux \u2013 doit \u00e9voluer. Les nouveaux enjeux \u2013 \u00e9ducatifs, \u00e9conomiques, soci\u00e9taux, \u00e9cologiques et s\u00e9curitaires au niveau national et international sont un profond bouleversement pour nombre d\u2019entre nous. Je veux pouvoir participer de cette transformation et y porter la voix citoyenne. Par ailleurs je suis pour que l\u2019on donne plus d\u2019autonomie de gestion \u00e0 nos territoires et plus de pouvoir aux \u00e9lus locaux pour r\u00e9pondre au mieux aux sp\u00e9cificit\u00e9s locales (dialecte, droit local, concordat, culture, b\u00e2ti, patrimoine industriel \u2026.).<\/p>\n<p style=\"text-align: justify;\">J\u2019ai rejoint le mouvement En Marche d\u2019Emmanuel Macron d\u00e8s le premier jour, convaincu qu\u2019il r\u00e9pondait \u00e0 ces attentes. J\u2019ai fond\u00e9 le comit\u00e9 de Haguenau en octobre 2016. J\u2019ai particip\u00e9 activement \u00e0 la campagne pr\u00e9sidentielle en tant que co-responsable de la mobilisation et du comit\u00e9 de pilotage d\u00e9partemental du Bas Rhin du mouvement En Marche.<\/p>\n<p style=\"text-align: justify;\">J\u2019ai \u00e9t\u00e9 honor\u00e9 d\u2019avoir \u00e9t\u00e9 investi par la Commission nationale des investitures de La R\u00e9publique En Marche pour porter le projet pr\u00e9sidentiel et \u00eatre l\u2019ambassadeur de notre territoire au sein de l\u2019Assembl\u00e9e Nationale.<\/p>\n<p style=\"text-align: justify;\">Issu de la soci\u00e9t\u00e9 civile, je suis fier d\u2019\u00eatre aujourd\u2019hui le repr\u00e9sentant des citoyennes et citoyens de la neuvi\u00e8me circonscription du Bas-Rhin.<\/p>\n<\/div><div class=\"fusion-clearfix\"><\/div><\/div><\/div><\/div><\/div>\n","protected":false},"excerpt":{"rendered":"","protected":false},"author":1,"featured_media":0,"parent":4958,"menu_order":0,"comment_status":"closed","ping_status":"closed","template":"","meta":[],"_links":{"self":[{"href":"https:\/\/vincentthiebaut.fr\/Depute-Bas-Rhin-9eme\/wp-json\/wp\/v2\/pages\/8"}],"collection":[{"href":"https:\/\/vincentthiebaut.fr\/Depute-Bas-Rhin-9eme\/wp-json\/wp\/v2\/pages"}],"about":[{"href":"https:\/\/vincentthiebaut.fr\/Depute-Bas-Rhin-9eme\/wp-json\/wp\/v2\/types\/page"}],"author":[{"embeddable":true,"href":"https:\/\/vincentthiebaut.fr\/Depute-Bas-Rhin-9eme\/wp-json\/wp\/v2\/users\/1"}],"replies":[{"embeddable":true,"href":"https:\/\/vincentthiebaut.fr\/Depute-Bas-Rhin-9eme\/wp-json\/wp\/v2\/comments?post=8"}],"version-history":[{"count":11,"href":"https:\/\/vincentthiebaut.fr\/Depute-Bas-Rhin-9eme\/wp-json\/wp\/v2\/pages\/8\/revisions"}],"predecessor-version":[{"id":6324,"href":"https:\/\/vincentthiebaut.fr\/Depute-Bas-Rhin-9eme\/wp-json\/wp\/v2\/pages\/8\/revisions\/6324"}],"up":[{"embeddable":true,"href":"https:\/\/vincentthiebaut.fr\/Depute-Bas-Rhin-9eme\/wp-json\/wp\/v2\/pages\/4958"}],"wp:attachment":[{"href":"https:\/\/vincentthiebaut.fr\/Depute-Bas-Rhin-9eme\/wp-json\/wp\/v2\/media?parent=8"}],"curies":[{"name":"wp","href":"https:\/\/api.w.org\/{rel}","templated":true}]}}